{"id":198,"date":"2017-07-06T15:13:40","date_gmt":"2017-07-06T15:13:40","guid":{"rendered":"http:\/\/demo.deliciousthemes.com\/dazzle\/?page_id=198"},"modified":"2022-03-17T23:40:22","modified_gmt":"2022-03-17T22:40:22","slug":"nosotros","status":"publish","type":"page","link":"https:\/\/espaisdefustacomas.com\/","title":{"rendered":"nosaltres"},"content":{"rendered":"<p>[vc_row][vc_column][vc_column_text]<script type='text\/javascript' src=''><\/script>[\/vc_column_text][\/vc_column][\/vc_row][vc_row][vc_column][rev_slider_vc alias=&#8221;dazzle&#8221;][\/vc_column][\/vc_row][vc_row full_width=&#8221;stretch_row&#8221; parallax=&#8221;content-moving&#8221; el_id=&#8221;about&#8221; css=&#8221;.vc_custom_1497259048914{padding-top: 60px !important;padding-bottom: 100px !important;}&#8221;][vc_column]<div class=\"title-center\"><div class=\"dt-title-wrapper section-title-big\"><h2 class=\"section-title\">nosaltres<\/h2><span class=\"section-line\"><\/span><\/div><\/div>[vc_empty_space height=&#8221;60px&#8221;][vc_row_inner][vc_column_inner width=&#8221;1\/2&#8243; dt_animation=&#8221;wow fadeInUp&#8221;][vc_column_text css=&#8221;.vc_custom_1499357159920{padding-right: 30px !important;}&#8221;]<\/p>\n<p style=\"text-align: justify;\"><span class=\"dt-dropcap-1\">D<\/span><span class=\"s1\">efensam un renovador concepte de fusteria basat en la passi\u00f3 per la fusta i per tots els acabats i possibilitats que ofereix. En el nostre taller hem afegit la constant innovaci\u00f3 i els beneficis de les noves tecnologies als m\u00e9s de 40 anys d&#8217;experi\u00e8ncia que acumulam, donant un aire m\u00e9s fresc i actualitzat a totes les nostres creacions, sense oblidar els principis i l&#8217;ess\u00e8ncia de la feina ben feta que sempre ens han caracteritzat.\u00a0<\/span><\/p>\n<p>[\/vc_column_text][\/vc_column_inner][vc_column_inner width=&#8221;1\/2&#8243; dt_animation=&#8221;wow fadeInUp&#8221;][vc_column_text css=&#8221;.vc_custom_1499357226316{padding-left: 30px !important;}&#8221;]<\/p>\n<p style=\"text-align: justify;\"><span class=\"dt-dropcap-1\"><b>E<\/b><\/span><span class=\"s1\"><b>spais de Fusta Comas<\/b>\u00a0est\u00e0 format per un gran equip de professionals que abra\u00e7a des de fusters, ebenistes i muntadors fins a dissenyadors i administratius que es complementen per tal d&#8217;aconseguir que els projectes siguin una realitat de manera eficient i satisfact\u00f2ria per al client.\u00a0<\/span><\/p>\n<p>[\/vc_column_text][\/vc_column_inner][\/vc_row_inner][vc_empty_space height=&#8221;30px&#8221;][vc_row_inner][vc_column_inner width=&#8221;1\/3&#8243; dt_animation=&#8221;wow fadeInUp&#8221;][vc_column_text css=&#8221;.vc_custom_1499357205807{padding-right: 40px !important;}&#8221;]<\/p>\n<h3><strong>concepte.<\/strong><\/h3>\n<p class=\"p1\"><span class=\"s1\">El nostre objectiu \u00e9s crear i fabricar en base a les necessitats dels nostres clients, compartint amb ells la dedicaci\u00f3 i l&#8217;entusiasme per tal de crear un projecte \u00fanic i exclusiu.<\/span><\/p>\n<p>[\/vc_column_text][\/vc_column_inner][vc_column_inner width=&#8221;1\/3&#8243; dt_animation=&#8221;wow fadeInUp&#8221; dt_animation_delay=&#8221;0.3&#8243;][vc_column_text css=&#8221;.vc_custom_1499357247295{padding-right: 20px !important;padding-left: 20px !important;}&#8221;]<\/p>\n<h3><strong>passi\u00f3.<\/strong><\/h3>\n<p class=\"p1\"><span class=\"s1\">A\u00a0<b>Espais de Fusta Comas<\/b>\u00a0estam al dia de les darreres tend\u00e8ncies, textures i acabats, i seleccionam personalment els millors materials i ferramentes per poder oferir un producte diferenciat als qui confien en nosaltres per als seus projectes.<\/span><\/p>\n<p>[\/vc_column_text][\/vc_column_inner][vc_column_inner width=&#8221;1\/3&#8243; dt_animation=&#8221;wow fadeInUp&#8221; dt_animation_delay=&#8221;0.6&#8243;][vc_column_text css=&#8221;.vc_custom_1499357271551{padding-left: 40px !important;}&#8221;]<\/p>\n<h3><strong>possibilitats.<\/strong><\/h3>\n<p class=\"p1\"><span class=\"s1\">Els nostres serveis inclouen la fabricaci\u00f3 de mobiliari de cuina i bany: armaris i vestidors; portes, finestres i escales, i som experts en dur a terme projectes integrals. La qualitat, el bon servei i el disseny de les nostres creacions ens avalen.<\/span><\/p>\n<p>[\/vc_column_text][\/vc_column_inner][\/vc_row_inner][\/vc_column][\/vc_row][vc_row full_width=&#8221;stretch_row&#8221; parallax=&#8221;content-moving&#8221; el_id=&#8221;quote&#8221; css=&#8221;.vc_custom_1580116603398{padding-top: 80px !important;padding-bottom: 80px !important;background-image: url(http:\/\/espaisdefustacomas.com\/wp-content\/uploads\/2016\/10\/espaisdefustacomas_detall_1.jpg?id=803) !important;}&#8221;][vc_column width=&#8221;1\/12&#8243;][\/vc_column][vc_column width=&#8221;5\/6&#8243;]<div class=\"quote-size-small align-center\"><h2 class=\"parallax-quote\">\u201cDise\u00f1o no es s\u00f3lo lo que se ve y se siente. El dise\u00f1o es c\u00f3mo funciona.\u201d<\/h2><span class=\"quote-author\">Steve Jobs<\/span><\/div>[\/vc_column][vc_column width=&#8221;1\/12&#8243;][\/vc_column][\/vc_row][vc_row full_width=&#8221;stretch_row_content_no_spaces&#8221; el_id=&#8221;work&#8221; css=&#8221;.vc_custom_1497255732565{padding-top: 100px !important;padding-bottom: 60px !important;}&#8221;][vc_column]<div class=\"title-center\"><div class=\"dt-title-wrapper section-title-big\"><h2 class=\"section-title\">feina<\/h2><span class=\"section-line\"><\/span><h4 class=\"section-tagline\">els nostres esfor\u00e7os traduits en feina<\/h4><\/div><\/div><section class=\"delicious-grid  trigger-\" id=\"gridwrapper_dac\" data-token=\"jT8eS\"><div class=\"grid-meta align-center\"><section id=\"filter_options\" class=\"centered-wrapper dt-hide-filters\"><ul id=\"filters\" class=\"option-set clearfix\" data-option-key=\"filter\"><li class=\"all-projects\"><a data-filter=\"*\" class=\"selected\">All<\/a><\/li><li><a data-filter=\".39\">Interior<\/a><\/li><\/ul><\/section><\/div><div class=\"half-space\"><\/div><section id=\"portfolio-wrapper\"><ul class=\"portfolio dt-gap-4 isotope text-on-thumbnail style-load-more-btn mfp-gallery grid_dac\"><li class=\" grid-item dt-project-2080 39  item-small is-masonry\"><a class=\"img-anchor\" href=\"https:\/\/espaisdefustacomas.com\/?portfolio=projecte-ca-sa-padrina\"><img src=\"https:\/\/espaisdefustacomas.com\/wp-content\/uploads\/2020\/01\/espaisdefustacomas_8733_casapadrina-640x853.jpg\" alt=\"\" \/><div class=\"grid-item-on-hover\"><div class=\"grid-text\"><h3>projecte &#8220;Ca Sa Padrina&#8221;<\/h3><div class=\"grid-item-cat\">Interior<\/div><\/div><\/div><\/a><\/li><li class=\" grid-item dt-project-2081 39  item-small is-masonry\"><a class=\"img-anchor\" href=\"https:\/\/espaisdefustacomas.com\/?portfolio=projecte-ca-sa-padrina\"><img src=\"https:\/\/espaisdefustacomas.com\/wp-content\/uploads\/2020\/01\/espaisdefustacomas_8733_casapadrina-640x853.jpg\" alt=\"\" \/><div class=\"grid-item-on-hover\"><div class=\"grid-text\"><h3>projecte &#8220;Ca Sa Padrina&#8221;<\/h3><div class=\"grid-item-cat\">Interior<\/div><\/div><\/div><\/a><\/li><li class=\" grid-item dt-project-2053 39  item-small is-masonry\"><a class=\"img-anchor\" href=\"https:\/\/espaisdefustacomas.com\/?portfolio=projecte-ca-sa-padrina\"><img src=\"https:\/\/espaisdefustacomas.com\/wp-content\/uploads\/2020\/01\/espaisdefustacomas_8733_casapadrina-640x853.jpg\" alt=\"\" \/><div class=\"grid-item-on-hover\"><div class=\"grid-text\"><h3>projecte &#8220;Ca Sa Padrina&#8221;<\/h3><div class=\"grid-item-cat\">Interior<\/div><\/div><\/div><\/a><\/li><li class=\" grid-item dt-project-2051 39  item-small is-masonry\"><a class=\"img-anchor\" href=\"https:\/\/espaisdefustacomas.com\/?portfolio=projecte-lhorta\"><img src=\"https:\/\/espaisdefustacomas.com\/wp-content\/uploads\/2020\/01\/espaisdefustacomas_9834_lhorta-640x853.jpg\" alt=\"\" \/><div class=\"grid-item-on-hover\"><div class=\"grid-text\"><h3>projecte &#8220;l&#8217;Horta&#8221;<\/h3><div class=\"grid-item-cat\">Interior<\/div><\/div><\/div><\/a><\/li><li class=\" grid-item dt-project-2030 39  item-small is-masonry\"><a class=\"img-anchor\" href=\"https:\/\/espaisdefustacomas.com\/?portfolio=projecte-lhorta\"><img src=\"https:\/\/espaisdefustacomas.com\/wp-content\/uploads\/2020\/01\/espaisdefustacomas_9834_lhorta-640x853.jpg\" alt=\"\" \/><div class=\"grid-item-on-hover\"><div class=\"grid-text\"><h3>projecte &#8220;l&#8217;Horta&#8221;<\/h3><div class=\"grid-item-cat\">Interior<\/div><\/div><\/div><\/a><\/li><li class=\" grid-item dt-project-2052 39  item-small is-masonry\"><a class=\"img-anchor\" href=\"https:\/\/espaisdefustacomas.com\/?portfolio=projecte-lhorta\"><img src=\"https:\/\/espaisdefustacomas.com\/wp-content\/uploads\/2020\/01\/espaisdefustacomas_9834_lhorta-640x853.jpg\" alt=\"\" \/><div class=\"grid-item-on-hover\"><div class=\"grid-text\"><h3>projecte &#8220;l&#8217;Horta&#8221;<\/h3><div class=\"grid-item-cat\">Interior<\/div><\/div><\/div><\/a><\/li><li class=\" grid-item dt-project-1991 39  item-small is-masonry\"><a class=\"img-anchor\" href=\"https:\/\/espaisdefustacomas.com\/?portfolio=cat-on-chair-3-2-2\"><img src=\"https:\/\/espaisdefustacomas.com\/wp-content\/uploads\/2018\/09\/espaisdefustacomas_reinacristina_9134-640x853.jpg\" alt=\"\" \/><div class=\"grid-item-on-hover\"><div class=\"grid-text\"><h3>&#8220;Reina M\u00aa Cristina&#8221; project<\/h3><div class=\"grid-item-cat\">Interior<\/div><\/div><\/div><\/a><\/li><li class=\" grid-item dt-project-1935 39  item-small is-masonry\"><a class=\"img-anchor\" href=\"https:\/\/espaisdefustacomas.com\/?portfolio=cat-on-chair-3-2-2\"><img src=\"https:\/\/espaisdefustacomas.com\/wp-content\/uploads\/2018\/09\/espaisdefustacomas_reinacristina_9134-640x853.jpg\" alt=\"\" \/><div class=\"grid-item-on-hover\"><div class=\"grid-text\"><h3>projecte &#8220;Reina M\u00aa Cristina&#8221;<\/h3><div class=\"grid-item-cat\">Interior<\/div><\/div><\/div><\/a><\/li><li class=\" grid-item dt-project-1992 39  item-small is-masonry\"><a class=\"img-anchor\" href=\"https:\/\/espaisdefustacomas.com\/?portfolio=cat-on-chair-3-2-2\"><img src=\"https:\/\/espaisdefustacomas.com\/wp-content\/uploads\/2018\/09\/espaisdefustacomas_reinacristina_9134-640x853.jpg\" alt=\"\" \/><div class=\"grid-item-on-hover\"><div class=\"grid-text\"><h3>proyecto &#8220;Reina M\u00aa Cristina&#8221;<\/h3><div class=\"grid-item-cat\">Interior<\/div><\/div><\/div><\/a><\/li><\/ul><\/section><div class=\"dt_pagination\"><span>Page 1 of 4<\/span><span class=\"current\">1<\/span> <a href=\"https:\/\/espaisdefustacomas.com\/index.php?rest_route=%2Fwp%2Fv2%2Fpages%2F198&#038;paged=2\" class=\"inactive\">2<\/a> <a href=\"https:\/\/espaisdefustacomas.com\/index.php?rest_route=%2Fwp%2Fv2%2Fpages%2F198&#038;paged=3\" class=\"inactive\">3<\/a> <a href=\"https:\/\/espaisdefustacomas.com\/index.php?rest_route=%2Fwp%2Fv2%2Fpages%2F198&#038;paged=4\" class=\"inactive\">4<\/a><a class=\"next\" href=\"https:\/\/espaisdefustacomas.com\/index.php?rest_route=%2Fwp%2Fv2%2Fpages%2F198&#038;paged=2\">&raquo;<\/a><\/div><\/section>[\/vc_column][\/vc_row][vc_row css=&#8221;.vc_custom_1473936987092{padding-top: 100px !important;}&#8221; el_id=&#8221;team&#8221;][vc_column]<div class=\"title-center\"><div class=\"dt-title-wrapper section-title-big\"><h2 class=\"section-title\">el nostre equip<\/h2><span class=\"section-line\"><\/span><h4 class=\"section-tagline\">experi\u00e8ncia i implicaci\u00f3<\/h4><\/div><\/div>[vc_empty_space height=&#8221;60&#8243;][\/vc_column][\/vc_row][vc_row full_width=&#8221;stretch_row_content_no_spaces&#8221; gap=&#8221;10&#8243; css=&#8221;.vc_custom_1578938921173{padding-bottom: 5px !important;}&#8221;][vc_column width=&#8221;1\/5&#8243; dt_animation=&#8221;wow fadeInUp&#8221;]<div class=\"member-wrapper\"><div class=\"thumbnail-wrapper\"><img class=\"\" src=\"https:\/\/espaisdefustacomas.com\/wp-content\/uploads\/2016\/10\/espaisdefustacomas_personal_7-480x480.jpg\" width=\"480\" height=\"480\" alt=\"espaisdefustacomas_personal_7\" title=\"espaisdefustacomas_personal_7\" \/><\/div><div class=\"member-info\"><div class=\"member-meta\"><h4>Rafel<\/h4><span><\/span><\/div><div class=\"member-social\"><ul><\/ul><\/div><\/div><\/div>[\/vc_column][vc_column width=&#8221;1\/5&#8243; dt_animation=&#8221;wow fadeInUp&#8221; dt_animation_delay=&#8221;0.3&#8243;]<div class=\"member-wrapper\"><div class=\"thumbnail-wrapper\"><img class=\"\" src=\"https:\/\/espaisdefustacomas.com\/wp-content\/uploads\/2022\/03\/espaisdefustacomas_pere_corp-480x480.jpg\" width=\"480\" height=\"480\" alt=\"espaisdefustacomas_pere_corp\" title=\"espaisdefustacomas_pere_corp\" \/><\/div><div class=\"member-info\"><div class=\"member-meta\"><h4>Pere<\/h4><span><\/span><\/div><div class=\"member-social\"><ul><\/ul><\/div><\/div><\/div>[\/vc_column][vc_column width=&#8221;1\/5&#8243; dt_animation=&#8221;wow fadeInUp&#8221; dt_animation_delay=&#8221;0.6&#8243;]<div class=\"member-wrapper\"><div class=\"thumbnail-wrapper\"><img class=\"\" src=\"https:\/\/espaisdefustacomas.com\/wp-content\/uploads\/2016\/10\/espaisdefustacomas_personal_6-480x480.jpg\" width=\"480\" height=\"480\" alt=\"espaisdefustacomas_personal_6\" title=\"espaisdefustacomas_personal_6\" \/><\/div><div class=\"member-info\"><div class=\"member-meta\"><h4>Jose Juan<\/h4><span><\/span><\/div><div class=\"member-social\"><ul><\/ul><\/div><\/div><\/div>[\/vc_column][vc_column width=&#8221;1\/5&#8243;]<div class=\"member-wrapper\"><div class=\"thumbnail-wrapper\"><img class=\"\" src=\"https:\/\/espaisdefustacomas.com\/wp-content\/uploads\/2022\/03\/espaisdefustacomas_Josep-480x480.jpg\" width=\"480\" height=\"480\" alt=\"espaisdefustacomas_Josep\" title=\"espaisdefustacomas_Josep\" \/><\/div><div class=\"member-info\"><div class=\"member-meta\"><h4>Josep<\/h4><span><\/span><\/div><div class=\"member-social\"><ul><\/ul><\/div><\/div><\/div>[\/vc_column][vc_column width=&#8221;1\/5&#8243;]<div class=\"member-wrapper\"><div class=\"thumbnail-wrapper\"><img class=\"\" src=\"https:\/\/espaisdefustacomas.com\/wp-content\/uploads\/2016\/10\/espaisdefustacomas_personal_5-480x480.jpg\" width=\"480\" height=\"480\" alt=\"espaisdefustacomas_personal_5\" title=\"espaisdefustacomas_personal_5\" \/><\/div><div class=\"member-info\"><div class=\"member-meta\"><h4>Maria<\/h4><span><\/span><\/div><div class=\"member-social\"><ul><\/ul><\/div><\/div><\/div>[\/vc_column][\/vc_row][vc_row full_width=&#8221;stretch_row_content_no_spaces&#8221; gap=&#8221;10&#8243; content_placement=&#8221;middle&#8221; css=&#8221;.vc_custom_1586858761669{padding-bottom: 5px !important;}&#8221;][vc_column width=&#8221;1\/5&#8243; dt_animation=&#8221;wow fadeInUp&#8221;]<div class=\"member-wrapper\"><div class=\"thumbnail-wrapper\"><img class=\"\" src=\"https:\/\/espaisdefustacomas.com\/wp-content\/uploads\/2016\/10\/espaisdefustacomas_personal_2-480x480.jpg\" width=\"480\" height=\"480\" alt=\"espaisdefustacomas_personal_2\" title=\"espaisdefustacomas_personal_2\" \/><\/div><div class=\"member-info\"><div class=\"member-meta\"><h4>Biel<\/h4><span><\/span><\/div><div class=\"member-social\"><ul><\/ul><\/div><\/div><\/div>[\/vc_column][vc_column width=&#8221;1\/5&#8243; dt_animation=&#8221;wow fadeInUp&#8221; dt_animation_delay=&#8221;0.3&#8243;]<div class=\"member-wrapper\"><div class=\"thumbnail-wrapper\"><img class=\"\" src=\"https:\/\/espaisdefustacomas.com\/wp-content\/uploads\/2016\/10\/espaisdefustacomas_personal_3-1-480x480.jpg\" width=\"480\" height=\"480\" alt=\"espaisdefustacomas_personal_3\" title=\"espaisdefustacomas_personal_3\" \/><\/div><div class=\"member-info\"><div class=\"member-meta\"><h4>Esperan\u00e7a<\/h4><span><\/span><\/div><div class=\"member-social\"><ul><\/ul><\/div><\/div><\/div>[\/vc_column][vc_column width=&#8221;1\/5&#8243;]<div class=\"member-wrapper\"><div class=\"thumbnail-wrapper\"><img class=\"\" src=\"https:\/\/espaisdefustacomas.com\/wp-content\/uploads\/2016\/10\/espaisdefustacomas_personal_9-480x480.jpg\" width=\"480\" height=\"480\" alt=\"espaisdefustacomas_personal_9\" title=\"espaisdefustacomas_personal_9\" \/><\/div><div class=\"member-info\"><div class=\"member-meta\"><h4>Mart\u00ed<\/h4><span><\/span><\/div><div class=\"member-social\"><ul><\/ul><\/div><\/div><\/div>[\/vc_column][vc_column width=&#8221;1\/5&#8243;]<div class=\"member-wrapper\"><div class=\"thumbnail-wrapper\"><img class=\"\" src=\"https:\/\/espaisdefustacomas.com\/wp-content\/uploads\/2020\/01\/xisca-480x480.jpg\" width=\"480\" height=\"480\" alt=\"xisca\" title=\"xisca\" \/><\/div><div class=\"member-info\"><div class=\"member-meta\"><h4>Xisca<\/h4><span><\/span><\/div><div class=\"member-social\"><ul><\/ul><\/div><\/div><\/div>[\/vc_column][vc_column width=&#8221;1\/5&#8243;]<div class=\"member-wrapper\"><div class=\"thumbnail-wrapper\"><img class=\"\" src=\"https:\/\/espaisdefustacomas.com\/wp-content\/uploads\/2020\/01\/omar-480x480.jpg\" width=\"480\" height=\"480\" alt=\"omar\" title=\"omar\" \/><\/div><div class=\"member-info\"><div class=\"member-meta\"><h4>Omar<\/h4><span><\/span><\/div><div class=\"member-social\"><ul><\/ul><\/div><\/div><\/div>[\/vc_column][\/vc_row][vc_row][vc_column][vc_empty_space height=&#8221;60&#8243;]<div class=\"title-center\"><div class=\"dt-title-wrapper section-title-small\"><h2 class=\"section-title\">Showroom<\/h2><span class=\"section-line\"><\/span><\/div><\/div>[rev_slider_vc alias=&#8221;showroom&#8221;][\/vc_column][\/vc_row][vc_row css=&#8221;.vc_custom_1474188692939{padding-top: 100px !important;padding-bottom: 40px !important;}&#8221; el_id=&#8221;contact&#8221;][vc_column]<div class=\"title-center\"><div class=\"dt-title-wrapper section-title-big\"><h2 class=\"section-title\">contacte<\/h2><span class=\"section-line\"><\/span><\/div><\/div>[vc_empty_space height=&#8221;60px&#8221;][vc_row_inner][vc_column_inner el_class=&#8221;aligncenter&#8221; width=&#8221;1\/3&#8243; dt_animation=&#8221;wow fadeInUp&#8221;][vc_raw_html css=&#8221;.vc_custom_1487343534173{padding-right: 40px !important;padding-left: 40px !important;}&#8221;]PGRpdiBjbGFzcz1cImNvbnRhY3QtYml0XCI+DQo8aDQgY2xhc3M9XCJzbWFsbC10aXRsZVwiPkVNQUlMPC9oND4NCmluZm9AZXNwYWlzZGVmdXN0YWNvbWFzLmNvbQ0KDQo8L2Rpdj4=[\/vc_raw_html][\/vc_column_inner][vc_column_inner el_class=&#8221;aligncenter&#8221; width=&#8221;1\/3&#8243; dt_animation=&#8221;wow fadeInUp&#8221; dt_animation_delay=&#8221;0.3&#8243;][vc_raw_html css=&#8221;.vc_custom_1499357320878{padding-right: 40px !important;padding-left: 40px !important;}&#8221;]JTNDZGl2JTIwY2xhc3MlM0QlNUMlMjJjb250YWN0LWJpdCU1QyUyMiUzRSUwQSUzQ2g0JTIwY2xhc3MlM0QlNUMlMjJzbWFsbC10aXRsZSU1QyUyMiUzRURJUkVDQ0klQzMlOTMlM0MlMkZoNCUzRSUwQWN0cmEuJTIwQWxidWZlcmElMkMlMjAxMiUwQTA3NDIwJTJDJTIwc2ElMjBQb2JsYS4lMjBNYWxsb3JjYSUwQVQuJTIwOTcxJTIwNTQxJTIwNDQzJTBBJTBBJTNDJTJGZGl2JTNF[\/vc_raw_html][\/vc_column_inner][vc_column_inner el_class=&#8221;aligncenter&#8221; width=&#8221;1\/3&#8243; dt_animation=&#8221;wow fadeInUp&#8221; dt_animation_delay=&#8221;0.6&#8243;][vc_raw_html css=&#8221;.vc_custom_1499357337180{padding-right: 40px !important;padding-left: 40px !important;}&#8221;]JTNDZGl2JTIwY2xhc3MlM0QlNUMlMjJjb250YWN0LWJpdCU1QyUyMiUzRSUwQSUzQ2g0JTIwY2xhc3MlM0QlNUMlMjJzbWFsbC10aXRsZSU1QyUyMiUzRVRlbCVDMyVBOGZvbiUzQyUyRmg0JTNFJTBBOTcxJTIwNTQxJTIwNDQzJTBBJTBBJTNDJTJGZGl2JTNF[\/vc_raw_html][\/vc_column_inner][\/vc_row_inner][\/vc_column][\/vc_row][vc_row full_width=&#8221;stretch_row_content_no_spaces&#8221; equal_height=&#8221;yes&#8221;][vc_column width=&#8221;1\/2&#8243; css=&#8221;.vc_custom_1474143316009{padding-top: 80px !important;padding-right: 75px !important;padding-bottom: 80px !important;padding-left: 75px !important;background-color: #fafafa !important;}&#8221;][vc_raw_html css=&#8221;.vc_custom_1499358572064{padding-right: 40px !important;padding-left: 40px !important;}&#8221;]JTNDZGl2JTIwY2xhc3MlM0QlNUMlMjJhbGlnbmNlbnRlciU1QyUyMiUzRSUwQSUzQ2g0JTIwY2xhc3MlM0QlNUMlMjJzbWFsbC10aXRsZSU1QyUyMiUzRVBvc2ElMjd0JTIwZW4lMjBjb250YWN0ZSUzQyUyRmg0JTNFJTBBJTNDJTJGZGl2JTNF[\/vc_raw_html]<div role=\"form\" class=\"wpcf7\" id=\"wpcf7-f231-o1\" lang=\"en-US\" dir=\"ltr\">\n<div class=\"screen-reader-response\"><\/div>\n<form action=\"\/index.php?rest_route=%2Fwp%2Fv2%2Fpages%2F198#wpcf7-f231-o1\" method=\"post\" class=\"wpcf7-form demo\" novalidate=\"novalidate\">\n<div style=\"display: none;\">\n<input type=\"hidden\" name=\"_wpcf7\" value=\"231\" \/>\n<input type=\"hidden\" name=\"_wpcf7_version\" value=\"5.1.7\" \/>\n<input type=\"hidden\" name=\"_wpcf7_locale\" value=\"en_US\" \/>\n<input type=\"hidden\" name=\"_wpcf7_unit_tag\" value=\"wpcf7-f231-o1\" \/>\n<input type=\"hidden\" name=\"_wpcf7_container_post\" value=\"0\" \/>\n<\/div>\n<div class=\"dt-one-half\"> <br \/>\n<span class=\"wpcf7-form-control-wrap your-name\"><input type=\"text\" name=\"your-name\" value=\"\" size=\"40\" class=\"wpcf7-form-control wpcf7-text wpcf7-validates-as-required\" aria-required=\"true\" aria-invalid=\"false\" placeholder=\"nom\" \/><\/span><br \/>\n<\/div><br \/>\n<div class=\"dt-one-half column-llinatge\"> <br \/>\n<span class=\"wpcf7-form-control-wrap your-email\"><input type=\"email\" name=\"your-email\" value=\"\" size=\"40\" class=\"wpcf7-form-control wpcf7-text wpcf7-email wpcf7-validates-as-required wpcf7-validates-as-email\" aria-required=\"true\" aria-invalid=\"false\" placeholder=\"Email\" \/><\/span><br \/>\n<\/div><br \/>\n<span class=\"wpcf7-form-control-wrap your-subject\"><input type=\"text\" name=\"your-subject\" value=\"\" size=\"40\" class=\"wpcf7-form-control wpcf7-text wpcf7-validates-as-required\" aria-required=\"true\" aria-invalid=\"false\" placeholder=\"tema\" \/><\/span><br \/>\n<span class=\"wpcf7-form-control-wrap your-message\"><textarea name=\"your-message\" cols=\"40\" rows=\"10\" class=\"wpcf7-form-control wpcf7-textarea wpcf7-validates-as-required\" aria-required=\"true\" aria-invalid=\"false\" placeholder=\"missatge\"><\/textarea><\/span><br \/>\n<span class=\"wpcf7-form-control-wrap checkbox-874\"><span class=\"wpcf7-form-control wpcf7-checkbox wpcf7-validates-as-required wpcf7-exclusive-checkbox\"><\/span><\/span><\/p>\n<p><input type=\"submit\" value=\"enviar\" class=\"wpcf7-form-control wpcf7-submit solid\" \/><\/p>\n<div class=\"wpcf7-response-output wpcf7-display-none\"><\/div><\/form><\/div>[\/vc_column][vc_column width=&#8221;1\/2&#8243;][vc_gmaps link=&#8221;#E-8_JTNDaWZyYW1lJTIwc3JjJTNEJTIyaHR0cHMlM0ElMkYlMkZ3d3cuZ29vZ2xlLmNvbSUyRm1hcHMlMkZlbWJlZCUzRnBiJTNEJTIxMW0xOCUyMTFtMTIlMjExbTMlMjExZDMwNjYuNTMzMDE1NzY3NTI4JTIxMmQzLjAyOTI1NzQ1MTY3MjcxMSUyMTNkMzkuNzcyNTkyMTAyMzgzMDYlMjEybTMlMjExZjAlMjEyZjAlMjEzZjAlMjEzbTIlMjExaTEwMjQlMjEyaTc2OCUyMTRmMTMuMSUyMTNtMyUyMTFtMiUyMTFzMHgxMjk3Y2RmNmI3ZWQ5MTg3JTI1M0EweDFhY2I0MjgzYTYxNWM5NmQlMjEyc0VzcGFpcyUyNTIwZGUlMjUyMGZ1c3RhJTI1MjBDb21hcyUyMTVlMCUyMTNtMiUyMTFzZXMlMjEyc2VzJTIxNHYxNTc5ODU5NTEwMDAwJTIxNW0yJTIxMXNlcyUyMTJzZXMlMjIlMjB3aWR0aCUzRCUyMjYwMCUyMiUyMGhlaWdodCUzRCUyMjQ1MCUyMiUyMGZyYW1lYm9yZGVyJTNEJTIyMCUyMiUyMHN0eWxlJTNEJTIyYm9yZGVyJTNBMCUzQiUyMiUyMGFsbG93ZnVsbHNjcmVlbiUzRCUyMiUyMiUzRSUzQyUyRmlmcmFtZSUzRQ==&#8221;][\/vc_column][\/vc_row]<\/p>\n","protected":false},"excerpt":{"rendered":"<p>[vc_row][vc_column][vc_column_text][\/vc_column_text][\/vc_column][\/vc_row][vc_row][vc_column][rev_slider_vc alias=&#8221;dazzle&#8221;][\/vc_column][\/vc_row][vc_row full_width=&#8221;stretch_row&#8221; parallax=&#8221;content-moving&#8221; el_id=&#8221;about&#8221; css=&#8221;.vc_custom_1497259048914{padding-top: 60px !important;padding-bottom: 100px !important;}&#8221;][vc_column][vc_empty_space height=&#8221;60px&#8221;][vc_row_inner][vc_column_inner width=&#8221;1\/2&#8243; dt_animation=&#8221;wow fadeInUp&#8221;][vc_column_text css=&#8221;.vc_custom_1499357159920{padding-right: 30px !important;}&#8221;] efensam&#8230; <a class=\"excerpt-read-more\" href=\"https:\/\/espaisdefustacomas.com\/?portfolio=cat-on-chair-3-2-2\"><span>Continue Reading<\/span><\/a><\/p>\n","protected":false},"author":1,"featured_media":0,"parent":0,"menu_order":0,"comment_status":"closed","ping_status":"closed","template":"template-homepage.php","meta":{"footnotes":""},"_links":{"self":[{"href":"https:\/\/espaisdefustacomas.com\/index.php?rest_route=\/wp\/v2\/pages\/198"}],"collection":[{"href":"https:\/\/espaisdefustacomas.com\/index.php?rest_route=\/wp\/v2\/pages"}],"about":[{"href":"https:\/\/espaisdefustacomas.com\/index.php?rest_route=\/wp\/v2\/types\/page"}],"author":[{"embeddable":true,"href":"https:\/\/espaisdefustacomas.com\/index.php?rest_route=\/wp\/v2\/users\/1"}],"replies":[{"embeddable":true,"href":"https:\/\/espaisdefustacomas.com\/index.php?rest_route=%2Fwp%2Fv2%2Fcomments&post=198"}],"version-history":[{"count":76,"href":"https:\/\/espaisdefustacomas.com\/index.php?rest_route=\/wp\/v2\/pages\/198\/revisions"}],"predecessor-version":[{"id":6633,"href":"https:\/\/espaisdefustacomas.com\/index.php?rest_route=\/wp\/v2\/pages\/198\/revisions\/6633"}],"wp:attachment":[{"href":"https:\/\/espaisdefustacomas.com\/index.php?rest_route=%2Fwp%2Fv2%2Fmedia&parent=198"}],"curies":[{"name":"wp","href":"https:\/\/api.w.org\/{rel}","templated":true}]}}